{"id":1054,"date":"2022-08-02T23:54:06","date_gmt":"2022-08-02T23:54:06","guid":{"rendered":"https:\/\/www.gaseramultiregional.com.mx\/?page_id=1054"},"modified":"2022-08-02T23:58:22","modified_gmt":"2022-08-02T23:58:22","slug":"aviso-de-privacidad","status":"publish","type":"page","link":"https:\/\/www.gaseramultiregional.com.mx\/index.php\/aviso-de-privacidad\/","title":{"rendered":"Aviso de privacidad"},"content":{"rendered":"<p>[et_pb_section fb_built=\u00bb1&#8243; admin_label=\u00bbHeader\u00bb _builder_version=\u00bb4.11.1&#8243; _module_preset=\u00bbdefault\u00bb background_color_gradient_direction=\u00bb90deg\u00bb custom_padding=\u00bb0px|||||\u00bb global_colors_info=\u00bb{}\u00bb][et_pb_row column_structure=\u00bb2_3,1_3&#8243; use_custom_gutter=\u00bbon\u00bb gutter_width=\u00bb1&#8243; make_equal=\u00bbon\u00bb _builder_version=\u00bb4.11.1&#8243; _module_preset=\u00bbdefault\u00bb custom_margin=\u00bb|auto|31px|auto||\u00bb custom_padding=\u00bb0px|||||\u00bb box_shadow_style=\u00bbpreset4&#8243; box_shadow_horizontal=\u00bb30vw\u00bb box_shadow_vertical=\u00bb0px\u00bb box_shadow_color=\u00bbrgba(6,55,101,0.64)\u00bb box_shadow_horizontal_tablet=\u00bb0vw\u00bb box_shadow_horizontal_phone=\u00bb\u00bb box_shadow_horizontal_last_edited=\u00bbon|tablet\u00bb global_colors_info=\u00bb{}\u00bb][et_pb_column type=\u00bb2_3&#8243; _builder_version=\u00bb4.11.1&#8243; _module_preset=\u00bbdefault\u00bb z_index=\u00bb11&#8243; custom_padding=\u00bb||160px|40px|false|false\u00bb custom_padding_tablet=\u00bb||40px||false|false\u00bb custom_padding_phone=\u00bb\u00bb custom_padding_last_edited=\u00bbon|tablet\u00bb border_color_all=\u00bb#063765&#8243; border_width_left=\u00bb1px\u00bb global_colors_info=\u00bb{}\u00bb][et_pb_text _builder_version=\u00bb4.11.1&#8243; _module_preset=\u00bbdefault\u00bb text_font=\u00bb|700|||||||\u00bb text_text_color=\u00bb#000000&#8243; text_font_size=\u00bb40px\u00bb text_letter_spacing=\u00bb3px\u00bb text_line_height=\u00bb1.8em\u00bb header_font=\u00bbUnna|700|||||||\u00bb header_font_size=\u00bb68px\u00bb header_line_height=\u00bb1.2em\u00bb custom_margin=\u00bb|-100px|||false|false\u00bb custom_margin_tablet=\u00bb|0px|||false|false\u00bb custom_margin_phone=\u00bb|||30px|false|false\u00bb custom_margin_last_edited=\u00bbon|tablet\u00bb hover_enabled=\u00bb0&#8243; text_font_size_tablet=\u00bb16px\u00bb text_font_size_phone=\u00bb40px\u00bb text_font_size_last_edited=\u00bbon|phone\u00bb header_font_size_tablet=\u00bb48px\u00bb header_font_size_phone=\u00bb32px\u00bb header_font_size_last_edited=\u00bbon|phone\u00bb header_line_height_tablet=\u00bb\u00bb header_line_height_phone=\u00bb1.4em\u00bb header_line_height_last_edited=\u00bbon|phone\u00bb locked=\u00bboff\u00bb global_colors_info=\u00bb{}\u00bb sticky_enabled=\u00bb0&#8243;]<\/p>\n<p>Aviso de privacidad<\/p>\n<p>[\/et_pb_text][et_pb_text _builder_version=\u00bb4.11.1&#8243; _module_preset=\u00bbdefault\u00bb text_text_color=\u00bb#000000&#8243; text_font_size=\u00bb16px\u00bb header_font=\u00bbUnna|700|||||||\u00bb header_font_size=\u00bb68px\u00bb header_line_height=\u00bb1.2em\u00bb text_orientation=\u00bbjustified\u00bb custom_margin=\u00bb|-100px|||false|false\u00bb custom_margin_tablet=\u00bb|0px|||false|false\u00bb custom_margin_phone=\u00bb|||30px|false|false\u00bb custom_margin_last_edited=\u00bbon|tablet\u00bb hover_enabled=\u00bb0&#8243; text_font_size_tablet=\u00bb16px\u00bb text_font_size_phone=\u00bb14px\u00bb text_font_size_last_edited=\u00bbon|phone\u00bb header_font_size_tablet=\u00bb48px\u00bb header_font_size_phone=\u00bb32px\u00bb header_font_size_last_edited=\u00bbon|phone\u00bb header_line_height_tablet=\u00bb\u00bb header_line_height_phone=\u00bb1.4em\u00bb header_line_height_last_edited=\u00bbon|phone\u00bb locked=\u00bboff\u00bb global_colors_info=\u00bb{}\u00bb sticky_enabled=\u00bb0&#8243;]A continuaci\u00f3n te compartimos el aviso de privacidad de la empresa GASERA MULTIREGIONAL.<\/p>\n<p>La empresa GASERA MULTIREGIONAL en adelante referida como la empresa, con domicilio en Apipilhuasco Km. 35 Santo Tomas Apipilhuasco, 56080 El Tepetloxto, M\u00e9x., en observancia a lo que dispone la Ley de Protecci\u00f3n de Datos Personales en Posesi\u00f3n de Particulares (La ley), le informa por este medio que los datos personales que reciba de Usted, tales como: Nombre, Domicilio, Tel\u00e9fono, Correo Electr\u00f3nico, Datos Bancarios y Registro Federal de Contribuyentes; ser\u00e1n tratados con privacidad.<\/p>\n<p>Esta informaci\u00f3n ser\u00e1 tratada \u00fanicamente para los fines propios de la actividad comercial que se desarrolla en \u00e9sta empresa, y por tal motivo, se le hace del conocimiento que a su vez podr\u00e1 ser transferida a terceras personas distintas a esta empresa que le prestan servicios de consultor\u00eda fiscal, legal y financiera, con el solo prop\u00f3sito de hacer cumplir las obligaciones y derechos propios de la relaci\u00f3n comercial y jur\u00eddica que previamente se haya originado, que se inicie a partir de \u00e9ste momento o que en un futuro se origine. Los terceros que reciban la informaci\u00f3n deber\u00e1n atender las mismas condiciones aqu\u00ed establecidas y reguladas por la citada legislaci\u00f3n.<\/p>\n<p>Usted podr\u00e1 realizar cualquier aclaraci\u00f3n o manifestaci\u00f3n relacionada con sus datos personales, as\u00ed como, ejercer sus derechos consagrados en la Ley referentes al Acceso, Rectificaci\u00f3n, Cancelaci\u00f3n y Oposici\u00f3n (ARCO), a trav\u00e9s de un escrito libre que contenga los requisitos que menciona la Ley, as\u00ed como, el motivo del mismo, envi\u00e1ndolo a la siguiente direcci\u00f3n electr\u00f3nica admin@gaseramultiregional.com.mx.<\/p>\n<p>En caso de no consentir la transferencia a terceras personas de sus datos personales, as\u00ed como, a no recibir informaci\u00f3n promocional y comercial de esta empresa, deber\u00e1 manifestarlo a trav\u00e9s de correo electr\u00f3nico a la cuenta admin@gaseramultiregional.com.mx. En caso de no expresar de \u00e9sta manera su negativa a la realizaci\u00f3n de estas acciones, se entender\u00e1 que otorga el consentimiento a la transferencia y uso de su informaci\u00f3n para los fines comerciales de esta empresa.<\/p>\n<p>Cualquier cambio al presente aviso de privacidad, ser\u00e1 notificado por este medio, o publicado en el dominio de internet: www.gaseramultiregional.com.mx<\/p>\n<p>Fecha de actualizaci\u00f3n 27 de Mayo de 2017.[\/et_pb_text][et_pb_image src=\u00bbhttp:\/\/192.168.22.115\/gaseramultiregional\/wp-content\/uploads\/2021\/10\/acupuncture-84-1.png\u00bb title_text=\u00bbacupuncture-84&#8243; _builder_version=\u00bb4.6.5&#8243; _module_preset=\u00bbdefault\u00bb transform_translate=\u00bb-50%|50%\u00bb transform_translate_linked=\u00bboff\u00bb positioning=\u00bbabsolute\u00bb position_origin_a=\u00bbbottom_left\u00bb global_colors_info=\u00bb{}\u00bb][\/et_pb_image][\/et_pb_column][et_pb_column type=\u00bb1_3&#8243; _builder_version=\u00bb4.11.1&#8243; _module_preset=\u00bbdefault\u00bb background_color=\u00bbrgba(6,55,101,0.31)\u00bb custom_padding=\u00bb90px|||140px|false|false\u00bb custom_padding_tablet=\u00bb40px|||40px|false|false\u00bb custom_padding_phone=\u00bb\u00bb custom_padding_last_edited=\u00bbon|tablet\u00bb box_shadow_horizontal_tablet=\u00bb120px\u00bb box_shadow_horizontal_phone=\u00bb\u00bb box_shadow_horizontal_last_edited=\u00bbon|phone\u00bb box_shadow_spread_tablet=\u00bb0px\u00bb box_shadow_spread_phone=\u00bb\u00bb box_shadow_spread_last_edited=\u00bbon|tablet\u00bb global_colors_info=\u00bb{}\u00bb][et_pb_image src=\u00bbhttp:\/\/192.168.22.115\/gaseramultiregional\/wp-content\/uploads\/2022\/02\/contacto-gs.jpg\u00bb title_text=\u00bbcontacto-gs\u00bb _builder_version=\u00bb4.11.1&#8243; _module_preset=\u00bbdefault\u00bb max_height=\u00bb750px\u00bb custom_margin=\u00bb|-10vw|||false|false\u00bb custom_margin_tablet=\u00bb|0vw|||false|false\u00bb custom_margin_phone=\u00bb\u00bb custom_margin_last_edited=\u00bbon|tablet\u00bb border_radii=\u00bbon|50px|50px|50px|50px\u00bb global_colors_info=\u00bb{}\u00bb][\/et_pb_image][\/et_pb_column][\/et_pb_row][\/et_pb_section][et_pb_section fb_built=\u00bb1&#8243; admin_label=\u00bbFooter\u00bb _builder_version=\u00bb4.11.1&#8243; _module_preset=\u00bbdefault\u00bb background_color=\u00bb#063765&#8243; custom_padding=\u00bb19px|||||\u00bb global_colors_info=\u00bb{}\u00bb][et_pb_row column_structure=\u00bb2_5,3_5&#8243; _builder_version=\u00bb4.5.7&#8243; _module_preset=\u00bbdefault\u00bb global_colors_info=\u00bb{}\u00bb][et_pb_column type=\u00bb2_5&#8243; _builder_version=\u00bb4.5.7&#8243; _module_preset=\u00bbdefault\u00bb global_colors_info=\u00bb{}\u00bb][et_pb_blurb title=\u00bbDirecci\u00f3n\u00bb use_icon=\u00bbon\u00bb font_icon=\u00bb%%122%%\u00bb icon_color=\u00bb#FFFFFF\u00bb icon_placement=\u00bbleft\u00bb content_max_width=\u00bb1100px\u00bb use_icon_font_size=\u00bbon\u00bb icon_font_size=\u00bb16px\u00bb _builder_version=\u00bb4.11.1&#8243; _module_preset=\u00bbdefault\u00bb header_font=\u00bbUnna|700|||||||\u00bb header_text_color=\u00bb#308dc4&#8243; header_font_size=\u00bb22px\u00bb header_line_height=\u00bb1.2em\u00bb body_text_color=\u00bb#FFFFFF\u00bb body_font_size=\u00bb16px\u00bb body_line_height=\u00bb1.8em\u00bb background_layout=\u00bbdark\u00bb animation=\u00bboff\u00bb header_font_size_tablet=\u00bb20px\u00bb header_font_size_phone=\u00bb18px\u00bb header_font_size_last_edited=\u00bbon|tablet\u00bb header_line_height_tablet=\u00bb1.2em\u00bb header_line_height_phone=\u00bb\u00bb header_line_height_last_edited=\u00bbon|phone\u00bb body_font_size_tablet=\u00bb\u00bb body_font_size_phone=\u00bb14px\u00bb body_font_size_last_edited=\u00bbon|phone\u00bb global_colors_info=\u00bb{}\u00bb]<\/p>\n<p>Apipilhuasco Km. 35, Colonia Santo Tomas Apipilhuasco, C.P. 56080, Tepetlaoxtoc, Estado de Mexico<\/p>\n<p>[\/et_pb_blurb][et_pb_blurb title=\u00bbTel\u00e9fono\u00bb use_icon=\u00bbon\u00bb font_icon=\u00bb%%104%%\u00bb icon_color=\u00bb#FFFFFF\u00bb icon_placement=\u00bbleft\u00bb content_max_width=\u00bb1100px\u00bb use_icon_font_size=\u00bbon\u00bb icon_font_size=\u00bb16px\u00bb _builder_version=\u00bb4.11.1&#8243; _module_preset=\u00bbdefault\u00bb header_font=\u00bbUnna|700|||||||\u00bb header_text_color=\u00bb#308dc4&#8243; header_font_size=\u00bb22px\u00bb header_line_height=\u00bb1.2em\u00bb body_text_color=\u00bb#FFFFFF\u00bb body_font_size=\u00bb16px\u00bb body_line_height=\u00bb1.8em\u00bb background_layout=\u00bbdark\u00bb animation=\u00bboff\u00bb header_font_size_tablet=\u00bb20px\u00bb header_font_size_phone=\u00bb18px\u00bb header_font_size_last_edited=\u00bbon|tablet\u00bb header_line_height_tablet=\u00bb1.2em\u00bb header_line_height_phone=\u00bb\u00bb header_line_height_last_edited=\u00bbon|phone\u00bb body_font_size_tablet=\u00bb\u00bb body_font_size_phone=\u00bb14px\u00bb body_font_size_last_edited=\u00bbon|phone\u00bb global_colors_info=\u00bb{}\u00bb]<\/p>\n<p>55 6378 1310<\/p>\n<p>[\/et_pb_blurb][et_pb_blurb title=\u00bbEmail\u00bb use_icon=\u00bbon\u00bb font_icon=\u00bb%%109%%\u00bb icon_color=\u00bb#FFFFFF\u00bb icon_placement=\u00bbleft\u00bb content_max_width=\u00bb1100px\u00bb use_icon_font_size=\u00bbon\u00bb icon_font_size=\u00bb16px\u00bb _builder_version=\u00bb4.11.1&#8243; _module_preset=\u00bbdefault\u00bb header_font=\u00bbUnna|700|||||||\u00bb header_text_color=\u00bb#308dc4&#8243; header_font_size=\u00bb22px\u00bb header_line_height=\u00bb1.2em\u00bb body_text_color=\u00bb#FFFFFF\u00bb body_font_size=\u00bb16px\u00bb body_line_height=\u00bb1.8em\u00bb background_layout=\u00bbdark\u00bb animation=\u00bboff\u00bb header_font_size_tablet=\u00bb20px\u00bb header_font_size_phone=\u00bb18px\u00bb header_font_size_last_edited=\u00bbon|tablet\u00bb header_line_height_tablet=\u00bb1.2em\u00bb header_line_height_phone=\u00bb\u00bb header_line_height_last_edited=\u00bbon|phone\u00bb body_font_size_tablet=\u00bb\u00bb body_font_size_phone=\u00bb14px\u00bb body_font_size_last_edited=\u00bbon|phone\u00bb global_colors_info=\u00bb{}\u00bb]<\/p>\n<p>contacto@gaseramultiregional.com.mx<\/p>\n<p>[\/et_pb_blurb][et_pb_text _builder_version=\u00bb4.11.1&#8243; _module_preset=\u00bbdefault\u00bb text_orientation=\u00bbcenter\u00bb global_colors_info=\u00bb{}\u00bb]<\/p>\n<p style=\"text-align: center;\"><a href=\"https:\/\/wa.link\/xli5gy\"><img loading=\"lazy\" decoding=\"async\" src=\"http:\/\/192.168.22.115\/gaseramultiregional\/wp-content\/uploads\/2022\/05\/whatsaGS.png\" width=\"40\" height=\"40\" alt=\"\" class=\"wp-image-877 alignnone size-full\" \/><\/a> <a href=\"tel:5563781310\"><img loading=\"lazy\" decoding=\"async\" src=\"http:\/\/192.168.22.115\/gaseramultiregional\/wp-content\/uploads\/2022\/05\/telGS1.png\" width=\"40\" height=\"40\" alt=\"\" class=\"wp-image-876 alignnone size-full\" \/><\/a> <a href=\"https:\/\/www.gaseramultiregional.com.mx\/index.php\/pedido-en-linea\/\"><img loading=\"lazy\" decoding=\"async\" src=\"http:\/\/192.168.22.115\/gaseramultiregional\/wp-content\/uploads\/2022\/05\/enlineaGS1-copia.png\" width=\"40\" height=\"40\" alt=\"\" class=\"wp-image-874 alignnone size-full\" \/><\/a> <a href=\"https:\/\/www.facebook.com\/GaseraMultiregional\/\"><img loading=\"lazy\" decoding=\"async\" src=\"http:\/\/192.168.22.115\/gaseramultiregional\/wp-content\/uploads\/2022\/05\/fbGS.png\" width=\"40\" height=\"40\" alt=\"\" class=\"wp-image-875 alignnone size-full\" \/><\/a> <a href=\"mailto:contacto@gaseramultiregional.com.mx\"><img loading=\"lazy\" decoding=\"async\" src=\"http:\/\/192.168.22.115\/gaseramultiregional\/wp-content\/uploads\/2022\/05\/emailGS.png\" width=\"40\" height=\"40\" alt=\"\" class=\"wp-image-873 alignnone size-full\" \/><\/a><\/p>\n<p>[\/et_pb_text][et_pb_code _builder_version=\u00bb4.11.1&#8243; _module_preset=\u00bbdefault\u00bb global_colors_info=\u00bb{}\u00bb]<iframe src=\"https:\/\/www.google.com\/maps\/embed?pb=!1m14!1m8!1m3!1d1879.9870555954494!2d-98.765968!3d19.542725!3m2!1i1024!2i768!4f13.1!3m3!1m2!1s0x0%3A0x14817ee2cbd1bba3!2sGasera%20Multiregional!5e0!3m2!1ses-419!2smx!4v1653677543316!5m2!1ses-419!2smx\" width=\"600\" height=\"450\" style=\"border:0;\" allowfullscreen=\"\" loading=\"lazy\" referrerpolicy=\"no-referrer-when-downgrade\"><\/iframe>[\/et_pb_code][\/et_pb_column][et_pb_column type=\u00bb3_5&#8243; _builder_version=\u00bb4.5.7&#8243; _module_preset=\u00bbdefault\u00bb global_colors_info=\u00bb{}\u00bb][et_pb_code _builder_version=\u00bb4.11.1&#8243; _module_preset=\u00bbdefault\u00bb global_colors_info=\u00bb{}\u00bb]<div class=\"wpcf7 no-js\" id=\"wpcf7-f709-o1\" lang=\"es-MX\" dir=\"ltr\">\n<div class=\"screen-reader-response\"><p role=\"status\" aria-live=\"polite\" aria-atomic=\"true\"><\/p> <ul><\/ul><\/div>\n<form action=\"\/index.php\/wp-json\/wp\/v2\/pages\/1054#wpcf7-f709-o1\" method=\"post\" class=\"wpcf7-form init\" id=\"form_contacto\" aria-label=\"Formulario de contacto\" novalidate=\"novalidate\" data-status=\"init\">\n<div style=\"display: none;\">\n<input type=\"hidden\" name=\"_wpcf7\" value=\"709\" \/>\n<input type=\"hidden\" name=\"_wpcf7_version\" value=\"5.7.2\" \/>\n<input type=\"hidden\" name=\"_wpcf7_locale\" value=\"es_MX\" \/>\n<input type=\"hidden\" name=\"_wpcf7_unit_tag\" value=\"wpcf7-f709-o1\" \/>\n<input type=\"hidden\" name=\"_wpcf7_container_post\" value=\"0\" \/>\n<input type=\"hidden\" name=\"_wpcf7_posted_data_hash\" value=\"\" \/>\n<input type=\"hidden\" name=\"_wpcf7_recaptcha_response\" value=\"\" \/>\n<\/div>\n<p><span style=\"color: #ffffff;\">Estamos en todo momento para escucharte, d\u00e9janos un mensaje y a la brevedad te daremos respuesta.<\/span>\n<\/p>\n<p><label><span style=\"color: #ffffff;\">*Nombre:<br \/>\n<\/span><br \/>\n<span class=\"wpcf7-form-control-wrap\" data-name=\"your-name\"><input size=\"40\" class=\"wpcf7-form-control wpcf7-text wpcf7-validates-as-required\" id=\"name\" aria-required=\"true\" aria-invalid=\"false\" value=\"\" type=\"text\" name=\"your-name\" \/><\/span> <\/label>\n<\/p>\n<p><span style=\"color: #ffffff;\">*Correo electr\u00f3nico:<br \/>\n<\/span><br \/>\n<span class=\"wpcf7-form-control-wrap\" data-name=\"your-email\"><input size=\"40\" class=\"wpcf7-form-control wpcf7-text wpcf7-email wpcf7-validates-as-required wpcf7-validates-as-email\" id=\"email\" aria-required=\"true\" aria-invalid=\"false\" value=\"\" type=\"email\" name=\"your-email\" \/><\/span>\n<\/p>\n<p><span style=\"color: #ffffff;\">*N\u00famero de tel\u00e9fono celular:<br \/>\n<\/span><br \/>\n<span class=\"wpcf7-form-control-wrap\" data-name=\"your-telefono\"><input size=\"40\" class=\"wpcf7-form-control wpcf7-text wpcf7-tel wpcf7-validates-as-required wpcf7-validates-as-tel\" id=\"telefono\" aria-required=\"true\" aria-invalid=\"false\" value=\"\" type=\"tel\" name=\"your-telefono\" \/><\/span>\n<\/p>\n<p><span style=\"color: #ffffff;\">*Asunto:<br \/>\n<\/span><br \/>\n<span class=\"wpcf7-form-control-wrap\" data-name=\"your-asunto\"><input size=\"40\" class=\"wpcf7-form-control wpcf7-text wpcf7-validates-as-required\" id=\"asunto\" aria-required=\"true\" aria-invalid=\"false\" value=\"\" type=\"text\" name=\"your-asunto\" \/><\/span>\n<\/p>\n<p><span style=\"color: #ffffff;\">*Mensaje:<br \/>\n<\/span><br \/>\n<span class=\"wpcf7-form-control-wrap\" data-name=\"your-message\"><textarea cols=\"40\" rows=\"10\" class=\"wpcf7-form-control wpcf7-textarea wpcf7-validates-as-required\" id=\"mensaje\" aria-required=\"true\" aria-invalid=\"false\" name=\"your-message\"><\/textarea><\/span>\n<\/p>\n<p><label hidden> Empresa:<br \/>\n<span class=\"wpcf7-form-control-wrap\" data-name=\"empresa\"><input size=\"40\" class=\"wpcf7-form-control wpcf7-text\" id=\"empresa_id\" aria-invalid=\"false\" value=\"133\" type=\"text\" name=\"empresa\" \/><\/span> <\/label>\n<\/p>\n<p><span class=\"wpcf7-form-control-wrap\" data-name=\"checkbox-881\"><span class=\"wpcf7-form-control wpcf7-acceptance\"><span class=\"wpcf7-list-item\"><label><span class=\"wpcf7-list-item-label\">*He le\u00eddo y acepto los t\u00e9rminos y condiciones.<\/span><input type=\"checkbox\" name=\"checkbox-881\" value=\"1\" aria-invalid=\"false\" \/><\/label><\/span><\/span><\/span>\n<\/p>\n<p style=\"text-align: justify;\"> La empresa Gasera Multiregional S.A. de C.V., hace de su conocimiento que la informaci\u00f3n de nuestros clientes es tratada de forma estrictamente confidencial, y al proporcionar sus datos personales es consiente del tratamiento de los mismos con diversas finalidades. Para conocer el texto completo del aviso de privacidad para clientes y clientes potenciales, favor de consultar el siguiente link: <a href=\"https:\/\/www.gaseramultiregional.com.mx\/index.php\/aviso-de-privacidad\/\">Aviso de privacidad<\/a>.\n<\/p>\n<p><input class=\"wpcf7-form-control has-spinner wpcf7-submit btn\" id=\"enviar\" type=\"submit\" value=\"Enviar\" \/>\n<\/p><input type='hidden' class='wpcf7-pum' value='{\"closepopup\":false,\"closedelay\":0,\"openpopup\":false,\"openpopup_id\":0}' \/><div class=\"wpcf7-response-output\" aria-hidden=\"true\"><\/div><\/form><\/div>[\/et_pb_code][\/et_pb_column][\/et_pb_row][\/et_pb_section]<\/p>\n","protected":false},"excerpt":{"rendered":"<p>Aviso de privacidadA continuaci\u00f3n te compartimos el aviso de privacidad de la empresa GASERA MULTIREGIONAL. La empresa GASERA MULTIREGIONAL en adelante referida como la empresa, con domicilio en Apipilhuasco Km. 35 Santo Tomas Apipilhuasco, 56080 El Tepetloxto, M\u00e9x., en observancia a lo que dispone la Ley de Protecci\u00f3n de Datos Personales en Posesi\u00f3n de Particulares [&hellip;]<\/p>\n","protected":false},"author":2,"featured_media":0,"parent":0,"menu_order":0,"comment_status":"closed","ping_status":"closed","template":"","meta":{"_et_pb_use_builder":"on","_et_pb_old_content":"","_et_gb_content_width":"","footnotes":""},"class_list":["post-1054","page","type-page","status-publish","hentry"],"_links":{"self":[{"href":"https:\/\/www.gaseramultiregional.com.mx\/index.php\/wp-json\/wp\/v2\/pages\/1054","targetHints":{"allow":["GET"]}}],"collection":[{"href":"https:\/\/www.gaseramultiregional.com.mx\/index.php\/wp-json\/wp\/v2\/pages"}],"about":[{"href":"https:\/\/www.gaseramultiregional.com.mx\/index.php\/wp-json\/wp\/v2\/types\/page"}],"author":[{"embeddable":true,"href":"https:\/\/www.gaseramultiregional.com.mx\/index.php\/wp-json\/wp\/v2\/users\/2"}],"replies":[{"embeddable":true,"href":"https:\/\/www.gaseramultiregional.com.mx\/index.php\/wp-json\/wp\/v2\/comments?post=1054"}],"version-history":[{"count":3,"href":"https:\/\/www.gaseramultiregional.com.mx\/index.php\/wp-json\/wp\/v2\/pages\/1054\/revisions"}],"predecessor-version":[{"id":1058,"href":"https:\/\/www.gaseramultiregional.com.mx\/index.php\/wp-json\/wp\/v2\/pages\/1054\/revisions\/1058"}],"wp:attachment":[{"href":"https:\/\/www.gaseramultiregional.com.mx\/index.php\/wp-json\/wp\/v2\/media?parent=1054"}],"curies":[{"name":"wp","href":"https:\/\/api.w.org\/{rel}","templated":true}]}}